{"id":2,"date":"2025-01-12T07:21:36","date_gmt":"2025-01-12T07:21:36","guid":{"rendered":"https:\/\/goodepkerkft.hu\/?page_id=2"},"modified":"2025-12-06T12:17:20","modified_gmt":"2025-12-06T12:17:20","slug":"sample-page","status":"publish","type":"page","link":"https:\/\/goodepkerkft.hu\/","title":{"rendered":"GOOD &#8211; \u00c9PKER KFT"},"content":{"rendered":"\n<p class=\"has-text-align-center\"><\/p>\n\n\n<div class=\"has-text-align-center wp-block-post-date\"><time datetime=\"2025-01-12T07:21:36+00:00\">janu\u00e1r 12, 2025<\/time><\/div>\n\n\n<p class=\"has-text-align-center\">T\u00f6bb \u00c9vtizedes Tapasztalat az \u00c9p\u00edt\u0151iparban<\/p>\n\n\n\n<hr class=\"wp-block-separator has-alpha-channel-opacity\"\/>\n\n\n\n<p class=\"has-text-align-center\"><strong>Good \u00c9pker Kft. \u2013 T\u00f6bb \u00c9vtizedes Tapasztalat az \u00c9p\u00edt\u0151iparban<\/strong><\/p>\n\n\n\n<p><\/p>\n\n\n\n<p class=\"has-text-align-center\">\u00dcdv\u00f6z\u00f6lj\u00fck a Good \u00c9pker Kft. hivatalos weboldal\u00e1n! C\u00e9g\u00fcnk, amelynek \u00fcgyvezet\u0151je Farkas Tam\u00e1s, t\u00f6bb \u00e9vtizedes tapasztalattal rendelkezik az \u00e9p\u00edt\u0151ipar k\u00fcl\u00f6nb\u00f6z\u0151 ter\u00fcletein, \u00e9s elk\u00f6telezettek vagyunk amellett, hogy \u00fcgyfeleinknek a legmagasabb sz\u00ednvonal\u00fa szolg\u00e1ltat\u00e1sokat ny\u00fajtsuk.<\/p>\n\n\n\n<h3 class=\"wp-block-heading has-text-align-center\">Szolg\u00e1ltat\u00e1saink<\/h3>\n\n\n\n<p><\/p>\n\n\n\n<ul class=\"wp-block-list\">\n<li><strong>Gener\u00e1lkivitelez\u00e9s:<\/strong> Teljes k\u00f6r\u0171 \u00e9p\u00edt\u0151ipari szolg\u00e1ltat\u00e1sokat biztos\u00edtunk, az alapokt\u00f3l a kulcsrak\u00e9sz \u00e1tad\u00e1sig.<br><\/li>\n\n\n\n<li><strong>Csal\u00e1di \u00e9s t\u00e1rsash\u00e1zak \u00e9p\u00edt\u00e9se:<\/strong> Modern \u00e9s energiatakar\u00e9kos megold\u00e1sokkal val\u00f3s\u00edtjuk meg otthon\u00e1t.<br><\/li>\n\n\n\n<li><strong>Ipari l\u00e9tes\u00edtm\u00e9nyek kivitelez\u00e9se:<\/strong> Korszer\u0171 technol\u00f3gi\u00e1kkal, hat\u00e9konyan dolgozunk.<br><\/li>\n\n\n\n<li><strong>Fel\u00faj\u00edt\u00e1sok \u00e9s \u00e1talak\u00edt\u00e1sok:<\/strong> Megb\u00edzhat\u00f3 csapatunkkal \u00faj \u00e9letet adunk megl\u00e9v\u0151 \u00e9p\u00fcleteinek.<\/li>\n<\/ul>\n\n\n\n<p><\/p>\n\n\n\n<h3 class=\"wp-block-heading has-text-align-center\">Mi\u00e9rt v\u00e1lassza a Good \u00c9pker Kft.-t?<\/h3>\n\n\n\n<ul class=\"wp-block-list\">\n<li><strong>Professzion\u00e1lis csapat:<\/strong> Magasan k\u00e9pzett szakembereink minden projektet prec\u00edzen \u00e9s hat\u00e1rid\u0151re teljes\u00edtenek.<br><\/li>\n\n\n\n<li><strong>Min\u0151s\u00e9gi anyagok:<\/strong> Csak a legjobb alapanyagokat haszn\u00e1ljuk, hogy \u00e9p\u00fcletei hossz\u00fa \u00e9lettartam\u00faak legyenek.<br><\/li>\n\n\n\n<li><strong>\u00dcgyf\u00e9lk\u00f6zpont\u00fas\u00e1g:<\/strong> Egyedi ig\u00e9nyeihez igaz\u00edtott megold\u00e1sokat k\u00edn\u00e1lunk, mert sz\u00e1munkra az \u00d6n el\u00e9gedetts\u00e9ge az els\u0151.<\/li>\n<\/ul>\n\n\n\n<h3 class=\"wp-block-heading has-text-align-center\">L\u00e9pjen kapcsolatba vel\u00fcnk!<\/h3>\n\n\n\n<div class=\"wp-block-contact-form-7-contact-form-selector\">\n<div class=\"wpcf7 no-js\" id=\"wpcf7-f9-o1\" lang=\"hu-HU\" dir=\"ltr\" data-wpcf7-id=\"9\">\n<div class=\"screen-reader-response\"><p role=\"status\" aria-live=\"polite\" aria-atomic=\"true\"><\/p> <ul><\/ul><\/div>\n<form action=\"\/index.php?rest_route=%2Fwp%2Fv2%2Fpages%2F2#wpcf7-f9-o1\" method=\"post\" class=\"wpcf7-form init\" aria-label=\"Kapcsolatfelv\u00e9teli \u0171rlap\" enctype=\"multipart\/form-data\" novalidate=\"novalidate\" data-status=\"init\">\n<fieldset class=\"hidden-fields-container\"><input type=\"hidden\" name=\"_wpcf7\" value=\"9\" \/><input type=\"hidden\" name=\"_wpcf7_version\" value=\"6.1.4\" \/><input type=\"hidden\" name=\"_wpcf7_locale\" value=\"hu_HU\" \/><input type=\"hidden\" name=\"_wpcf7_unit_tag\" value=\"wpcf7-f9-o1\" \/><input type=\"hidden\" name=\"_wpcf7_container_post\" value=\"0\" \/><input type=\"hidden\" name=\"_wpcf7_posted_data_hash\" value=\"\" \/>\n<\/fieldset>\n<p><label> N\u00e9v<br \/>\n<span class=\"wpcf7-form-control-wrap\" data-name=\"your-name\"><input size=\"40\" maxlength=\"400\" class=\"wpcf7-form-control wpcf7-text wpcf7-validates-as-required\" autocomplete=\"name\" aria-required=\"true\" aria-invalid=\"false\" value=\"\" type=\"text\" name=\"your-name\" \/><\/span> <\/label>\n<\/p>\n<p><label> E-mail c\u00edm<br \/>\n<span class=\"wpcf7-form-control-wrap\" data-name=\"your-email\"><input size=\"40\" maxlength=\"400\" class=\"wpcf7-form-control wpcf7-email wpcf7-validates-as-required wpcf7-text wpcf7-validates-as-email\" autocomplete=\"email\" aria-required=\"true\" aria-invalid=\"false\" value=\"\" type=\"email\" name=\"your-email\" \/><\/span> <\/label>\n<\/p>\n<p><label> T\u00e1rgy<br \/>\n<span class=\"wpcf7-form-control-wrap\" data-name=\"your-subject\"><input size=\"40\" maxlength=\"400\" class=\"wpcf7-form-control wpcf7-text wpcf7-validates-as-required\" aria-required=\"true\" aria-invalid=\"false\" value=\"\" type=\"text\" name=\"your-subject\" \/><\/span> <\/label>\n<\/p>\n<p><label> \u00dczenet (nem k\u00f6telez\u0151)<br \/>\n<span class=\"wpcf7-form-control-wrap\" data-name=\"your-message\"><textarea cols=\"40\" rows=\"10\" maxlength=\"2000\" class=\"wpcf7-form-control wpcf7-textarea\" aria-invalid=\"false\" name=\"your-message\"><\/textarea><\/span> <\/label>\n<\/p>\n<p><label>K\u00fcldj\u00f6n be sz\u00e9munkra k\u00e9peket ak\u00e1r vide\u00f3t is a munk\u00e1r\u00f3lhogy pontosabb \u00e1raj\u00e1nlatot tudjunk adni !<br \/>\n<span class=\"wpcf7-form-control-wrap\" data-name=\"file-570\"><input size=\"40\" class=\"wpcf7-form-control wpcf7-file\" accept=\"audio\/*,video\/*,image\/*\" aria-invalid=\"false\" type=\"file\" name=\"file-570\" \/><\/span><\/label>\n<\/p>\n<p><input class=\"wpcf7-form-control wpcf7-submit has-spinner\" type=\"submit\" value=\"Bek\u00fcld\u00e9s\" \/>\n<\/p><div class=\"wpcf7-response-output\" aria-hidden=\"true\"><\/div>\n<\/form>\n<\/div>\n<\/div>\n\n\n\n<p class=\"has-text-align-center\"><strong>C\u00edm:<\/strong> 2100 G\u00f6d\u00f6ll\u0151, Bajcsy-Zsilinszky u. 34 , .<br><strong>Telefon:<\/strong> +36 70 605 4078<br><strong>E-mail:<\/strong> <a href=\"mailto:info@goodepker.hu\">info@goodepker.hu<\/a><\/p>\n\n\n\n2100 G\u00f6d\u00f6ll\u0151, Bajcsy-Zsilinszky u. 34 ,\n\n\n\n<p><\/p>\n\n\n\n<p><\/p>\n\n\n\n<p class=\"has-text-align-center\">L\u00e1togasson el weboldalunkra tov\u00e1bbi inform\u00e1ci\u00f3k\u00e9rt, \u00e9s n\u00e9zze meg referenci\u00e1inkat! B\u00edzza r\u00e1nk k\u00f6vetkez\u0151 projektj\u00e9t, \u00e9s tapasztalja meg a min\u0151s\u00e9get, amit a Good \u00c9pker Kft. k\u00e9pvisel!<\/p>\n\n\n\n<p><\/p>\n\n\n\n<p class=\"has-text-align-center\"><strong>Good \u00c9pker Kft. \u2013 Az \u00e9p\u00edt\u0151ipar szak\u00e9rt\u0151je.<\/strong><\/p>\n\n\n\n<hr class=\"wp-block-separator has-alpha-channel-opacity\"\/>\n\n\n\n<p class=\"has-text-align-center\"><\/p>\n","protected":false},"excerpt":{"rendered":"<p>T\u00f6bb \u00c9vtizedes Tapasztalat az \u00c9p\u00edt\u0151iparban Good \u00c9pker Kft. \u2013 T\u00f6bb \u00c9vtizedes Tapasztalat az \u00c9p\u00edt\u0151iparban \u00dcdv\u00f6z\u00f6lj\u00fck a Good \u00c9pker Kft. hivatalos weboldal\u00e1n! C\u00e9g\u00fcnk, amelynek \u00fcgyvezet\u0151je Farkas Tam\u00e1s, t\u00f6bb \u00e9vtizedes tapasztalattal rendelkezik az \u00e9p\u00edt\u0151ipar k\u00fcl\u00f6nb\u00f6z\u0151 ter\u00fcletein, \u00e9s elk\u00f6telezettek vagyunk amellett, hogy \u00fcgyfeleinknek a legmagasabb sz\u00ednvonal\u00fa szolg\u00e1ltat\u00e1sokat ny\u00fajtsuk. Szolg\u00e1ltat\u00e1saink Mi\u00e9rt v\u00e1lassza a Good \u00c9pker Kft.-t? L\u00e9pjen kapcsolatba vel\u00fcnk! [&hellip;]<\/p>\n","protected":false},"author":1,"featured_media":0,"parent":0,"menu_order":0,"comment_status":"closed","ping_status":"open","template":"","meta":{"pagelayer_contact_templates":[],"_pagelayer_content":"","footnotes":""},"class_list":["post-2","page","type-page","status-publish","hentry"],"aioseo_notices":[],"_links":{"self":[{"href":"https:\/\/goodepkerkft.hu\/index.php?rest_route=\/wp\/v2\/pages\/2","targetHints":{"allow":["GET"]}}],"collection":[{"href":"https:\/\/goodepkerkft.hu\/index.php?rest_route=\/wp\/v2\/pages"}],"about":[{"href":"https:\/\/goodepkerkft.hu\/index.php?rest_route=\/wp\/v2\/types\/page"}],"author":[{"embeddable":true,"href":"https:\/\/goodepkerkft.hu\/index.php?rest_route=\/wp\/v2\/users\/1"}],"replies":[{"embeddable":true,"href":"https:\/\/goodepkerkft.hu\/index.php?rest_route=%2Fwp%2Fv2%2Fcomments&post=2"}],"version-history":[{"count":25,"href":"https:\/\/goodepkerkft.hu\/index.php?rest_route=\/wp\/v2\/pages\/2\/revisions"}],"predecessor-version":[{"id":290,"href":"https:\/\/goodepkerkft.hu\/index.php?rest_route=\/wp\/v2\/pages\/2\/revisions\/290"}],"wp:attachment":[{"href":"https:\/\/goodepkerkft.hu\/index.php?rest_route=%2Fwp%2Fv2%2Fmedia&parent=2"}],"curies":[{"name":"wp","href":"https:\/\/api.w.org\/{rel}","templated":true}]}}